{"id":7237,"date":"2025-01-20T16:02:22","date_gmt":"2025-01-20T15:02:22","guid":{"rendered":"https:\/\/gemstonegetaway.com\/?page_id=7237"},"modified":"2025-10-27T19:23:54","modified_gmt":"2025-10-27T18:23:54","slug":"avis-juridique","status":"publish","type":"page","link":"https:\/\/gemstonegetaway.com\/fr\/avis-juridique\/","title":{"rendered":"Avis juridique"},"content":{"rendered":"\t\t<div data-elementor-type=\"wp-page\" data-elementor-id=\"7237\" class=\"elementor elementor-7237 elementor-6388\">\n\t\t\t\t<div class=\"elementor-element elementor-element-2338e27 e-flex e-con-boxed e-con e-parent\" data-id=\"2338e27\" data-element_type=\"container\">\n\t\t\t\t\t<div class=\"e-con-inner\">\n\t\t\t\t<div class=\"elementor-element elementor-element-1c4ae45f elementor-widget elementor-widget-text-editor\" data-id=\"1c4ae45f\" data-element_type=\"widget\" data-widget_type=\"text-editor.default\">\n\t\t\t\t<div class=\"elementor-widget-container\">\n\t\t\t\t\t\t\t\t\t<h2 class=\"wp-block-heading\"><\/h2><p>Conform\u00e9ment \u00e0 l\u2019article 10 de la Loi 34\/2002 du 11 juillet relative aux services de la soci\u00e9t\u00e9 de l&#8217;information et au commerce \u00e9lectronique, et dans un souci de transparence, les informations suivantes sont mises \u00e0 disposition des utilisateurs de ce site web:<\/p><p>Propri\u00e9taire du site: Erich Dumpis<\/p><p>Adresse : Calle Velarde 16, 3, 28004 Madrid, Espagne Site web: <a href=\"http:\/\/www.gemstonegetaway.com\/\">www.gemstonegetaway.com<\/a><\/p><p>\u00a0<\/p><h3>1. Introduction<\/h3><p>Les pr\u00e9sentes mentions l\u00e9gales r\u00e9gissent les conditions d\u2019utilisation du site https:<a href=\"http:\/\/www.gemstonegetaway.com\/\">\/\/www.gemstonegetaway.com.<\/a> Toute personne acc\u00e9dant au site (ci-apr\u00e8s \u00ab l\u2019Utilisateur \u00bb) pour obtenir des informations ou r\u00e9server des services d\u00e9clare \u00eatre majeure (18 ans ou plus) et disposer de la capacit\u00e9 juridique n\u00e9cessaire pour contracter les services propos\u00e9s. En cas de r\u00e9servation effectu\u00e9e par un mineur, la soci\u00e9t\u00e9 d\u00e9cline toute responsabilit\u00e9, et les frais \u00e9ventuels seront \u00e0 la charge du mineur, de ses parents ou de ses tuteurs l\u00e9gaux.<\/p><p>\u00a0<\/p><h3>2. Acc\u00e8s et utilisation du site<\/h3><p>L\u2019acc\u00e8s au site conf\u00e8re la qualit\u00e9 d\u2019Utilisateur et implique l\u2019acceptation pleine et enti\u00e8re des pr\u00e9sentes conditions, ainsi que de toute autre disposition l\u00e9gale applicable.<\/p><p>L\u2019Utilisateur s\u2019engage \u00e0 ne pas utiliser le site \u00e0 des fins frauduleuses ou \u00e0 adopter un comportement susceptible de porter atteinte \u00e0 l\u2019image, aux int\u00e9r\u00eats ou aux droits de Gemstone Getaway. En cas de non-respect de ces conditions, ou en cas de soup\u00e7on raisonnable d\u2019utilisation abusive, Gemstone Getaway se r\u00e9serve le droit de restreindre, suspendre ou bloquer l\u2019acc\u00e8s au site, et de prendre toutes les mesures techniques n\u00e9cessaires \u00e0 cet effet.<\/p><p>L\u2019acc\u00e8s au site peut impliquer l\u2019utilisation de cookies. Les cookies sont de petits fichiers de donn\u00e9es stock\u00e9s dans le navigateur de l\u2019Utilisateur, permettant au serveur de m\u00e9moriser certaines informations pour une utilisation ult\u00e9rieure.<\/p><p>L\u2019Utilisateur peut configurer son navigateur pour refuser les cookies ou \u00eatre averti avant leur installation.<\/p><p>Gemstone Getaway ne saurait \u00eatre tenue responsable des informations publi\u00e9es sur le site ayant \u00e9t\u00e9 modifi\u00e9es ou introduites par des tiers.<\/p><p>Les liens vers des sites tiers sont fournis \u00e0 titre informatif uniquement et ne constituent ni une recommandation ni une approbation. Gemstone Getaway d\u00e9cline toute responsabilit\u00e9 quant au contenu, aux activit\u00e9s commerciales, aux produits ou aux services accessibles via ces liens.<\/p><p>Gemstone Getaway s\u2019efforce de garantir un service ininterrompu en utilisant tous les moyens techniques disponibles. Toutefois, elle ne pourra \u00eatre tenue responsable des dommages r\u00e9sultant d\u2019interruptions techniques ou d\u2019une indisponibilit\u00e9 temporaire du site. En cas de panne, toutes les mesures n\u00e9cessaires seront prises pour r\u00e9tablir le service dans les plus brefs d\u00e9lais.<\/p><p>\u00a0<\/p><h3>3. Droits de propri\u00e9t\u00e9 intellectuelle et industrielle<\/h3><p>Tous les textes, images, marques, graphismes, logos, logiciels, combinaisons de couleurs, ainsi que la structure, la s\u00e9lection et la pr\u00e9sentation des contenus du site <a href=\"https:\/\/www.gemstonegetaway.com\">https:\/\/www.gemstonegetaway.com<\/a> sont la propri\u00e9t\u00e9 exclusive de Gemstone Getaway. Toute reproduction, distribution, communication publique ou modification sans autorisation expresse est strictement interdite.<\/p><p>Toute exploitation non autoris\u00e9e du contenu, sous quelque forme que ce soit, est interdite. Gemstone Getaway se r\u00e9serve le droit d\u2019engager des actions en justice contre toute atteinte \u00e0 ses droits de propri\u00e9t\u00e9 intellectuelle ou industrielle.<\/p><p>Gemstone Getaway d\u00e9cline toute responsabilit\u00e9 en cas de violation des droits de propri\u00e9t\u00e9 intellectuelle ou industrielle, des droits \u00e0 la vie priv\u00e9e ou de tout autre droit de tiers r\u00e9sultant d\u2019un usage abusif par l\u2019Utilisateur.<\/p><p>\u00a0<\/p><h3>4. Modifications<\/h3><p>Gemstone Getaway se r\u00e9serve le droit de modifier, limiter ou supprimer \u00e0 tout moment les pr\u00e9sentes conditions d\u2019utilisation. Les conditions en vigueur au moment de la r\u00e9servation, ou les plus favorables au consommateur, seront applicables.<\/p><p>L\u2019acc\u00e8s au site pourra \u00eatre refus\u00e9 ou retir\u00e9 sans pr\u00e9avis aux Utilisateurs ne respectant pas les pr\u00e9sentes conditions g\u00e9n\u00e9rales.<\/p><p>\u00a0<\/p><h3>5. Droit applicable et juridiction comp\u00e9tente<\/h3><p>Les pr\u00e9sentes conditions sont r\u00e9gies par le droit espagnol. Tout litige relatif \u00e0 leur interpr\u00e9tation ou \u00e0 leur application rel\u00e8vera de la comp\u00e9tence des tribunaux de Madrid, sauf si la partie adverse est un consommateur, auquel cas les tribunaux comp\u00e9tents seront ceux du lieu de r\u00e9sidence du consommateur, conform\u00e9ment \u00e0 la l\u00e9gislation applicable.<\/p>\t\t\t\t\t\t\t\t<\/div>\n\t\t\t\t<\/div>\n\t\t\t\t\t<\/div>\n\t\t\t\t<\/div>\n\t\t\t\t<\/div>\n\t\t","protected":false},"excerpt":{"rendered":"<p>Conform\u00e9ment \u00e0 l\u2019article 10 de la Loi 34\/2002 du 11 juillet relative aux services de la soci\u00e9t\u00e9 de l&#8217;information et au commerce \u00e9lectronique, et dans [&hellip;]<\/p>\n","protected":false},"author":2,"featured_media":0,"parent":0,"menu_order":0,"comment_status":"closed","ping_status":"closed","template":"","meta":{"footnotes":""},"class_list":["post-7237","page","type-page","status-publish","hentry"],"_links":{"self":[{"href":"https:\/\/gemstonegetaway.com\/fr\/wp-json\/wp\/v2\/pages\/7237","targetHints":{"allow":["GET"]}}],"collection":[{"href":"https:\/\/gemstonegetaway.com\/fr\/wp-json\/wp\/v2\/pages"}],"about":[{"href":"https:\/\/gemstonegetaway.com\/fr\/wp-json\/wp\/v2\/types\/page"}],"author":[{"embeddable":true,"href":"https:\/\/gemstonegetaway.com\/fr\/wp-json\/wp\/v2\/users\/2"}],"replies":[{"embeddable":true,"href":"https:\/\/gemstonegetaway.com\/fr\/wp-json\/wp\/v2\/comments?post=7237"}],"version-history":[{"count":4,"href":"https:\/\/gemstonegetaway.com\/fr\/wp-json\/wp\/v2\/pages\/7237\/revisions"}],"predecessor-version":[{"id":7298,"href":"https:\/\/gemstonegetaway.com\/fr\/wp-json\/wp\/v2\/pages\/7237\/revisions\/7298"}],"wp:attachment":[{"href":"https:\/\/gemstonegetaway.com\/fr\/wp-json\/wp\/v2\/media?parent=7237"}],"curies":[{"name":"wp","href":"https:\/\/api.w.org\/{rel}","templated":true}]}}