{"id":7242,"date":"2024-12-12T13:42:01","date_gmt":"2024-12-12T12:42:01","guid":{"rendered":"https:\/\/gemstonegetaway.com\/privacy-policy\/"},"modified":"2025-10-27T19:20:28","modified_gmt":"2025-10-27T18:20:28","slug":"privacy-policy","status":"publish","type":"page","link":"https:\/\/gemstonegetaway.com\/fr\/privacy-policy\/","title":{"rendered":"Politique de confidentialit\u00e9"},"content":{"rendered":"\t\t<div data-elementor-type=\"wp-page\" data-elementor-id=\"7242\" class=\"elementor elementor-7242 elementor-3\">\n\t\t\t\t<div class=\"elementor-element elementor-element-42a6e036 e-flex e-con-boxed e-con e-parent\" data-id=\"42a6e036\" data-element_type=\"container\">\n\t\t\t\t\t<div class=\"e-con-inner\">\n\t\t\t\t<div class=\"elementor-element elementor-element-216fe1e elementor-widget elementor-widget-text-editor\" data-id=\"216fe1e\" data-element_type=\"widget\" data-widget_type=\"text-editor.default\">\n\t\t\t\t<div class=\"elementor-widget-container\">\n\t\t\t\t\t\t\t\t\t\n<h3>1.\u00a0 Responsable du traitement des donn\u00e9es<\/h3>\n<p>Les donn\u00e9es personnelles collect\u00e9es via ce site web sont trait\u00e9es par :<\/p>\n<p><strong>Propri\u00e9taire<\/strong> <strong>:<\/strong> Erich Dumpis<\/p>\n<p><strong>Site<\/strong> <strong>web<\/strong> <strong>:<\/strong> https:<a href=\"http:\/\/www.gemstonegetaway.com\/\">\/\/www.gemstonegetaway.com<\/a><\/p>\n<p><strong>Adresse : <\/strong>Calle Velarde 16, 3, 28004 Madrid, Espagne<\/p>\n<p>\u00a0<\/p>\n<h3>2.\u00a0 Finalit\u00e9 du traitement des donn\u00e9es personnelles<\/h3>\n<p>Les donn\u00e9es personnelles collect\u00e9es sont utilis\u00e9es aux fins suivantes :<\/p>\n<ul>\n<li>Communiquer avec l\u2019utilisateur.<\/li>\n<li>G\u00e9rer efficacement les demandes, commentaires, incidents ou suggestions des utilisateurs du site.<\/li>\n<li>Effectuer des t\u00e2ches administratives de<\/li>\n<li>Informer les utilisateurs, par e-mail ou autres moyens, des nouveaut\u00e9s, produits et services li\u00e9s \u00e0 Gemstone Getaway susceptibles de les int\u00e9resser.<\/li>\n<li>Fournir des services suppl\u00e9mentaires, am\u00e9liorer nos offres et optimiser l\u2019exp\u00e9rience utilisateur sur le site.<\/li>\n<li>R\u00e9aliser des analyses statistiques sur les visites et comportements des utilisateurs.<\/li>\n<li>Assurer une navigation fluide et le bon fonctionnement du<\/li>\n<\/ul>\n<p>Pour les communications promotionnelles ou publicitaires, un m\u00e9canisme clair, simple et gratuit sera mis \u00e0 disposition pour recueillir le consentement de l\u2019utilisateur.<\/p>\n<p>\u00a0<\/p>\n<h3>3.\u00a0 Base l\u00e9gale du traitement<\/h3>\n<p>Les bases juridiques du traitement des donn\u00e9es sont :<\/p>\n<ul>\n<li>L\u2019ex\u00e9cution d\u2019un<\/li>\n<li>Le consentement de l\u2019utilisateur.<\/li>\n<li>L\u2019int\u00e9r\u00eat l\u00e9gitime de Gemstone<\/li>\n<\/ul>\n<p>\u00a0<\/p>\n<h3>4.\u00a0 Destinataires des donn\u00e9es personnelles<\/h3>\n<p>Le destinataire des donn\u00e9es est Gemstone Getaway.<\/p>\n<p>Aucune donn\u00e9e ne sera transf\u00e9r\u00e9e \u00e0 des tiers, sauf obligation l\u00e9gale. Gemstone<\/p>\n<p>Getaway s\u2019engage \u00e0 pr\u00e9server la confidentialit\u00e9 des donn\u00e9es et \u00e0 les utiliser uniquement aux fins indiqu\u00e9es.<\/p>\n<p>\u00a0<\/p>\n<h3>5.\u00a0 Droits des personnes concern\u00e9es<\/h3>\n<p>Vous disposez des droits suivants:<\/p>\n<ul>\n<li>Acc\u00e8s \u00e0 vos donn\u00e9es<\/li>\n<li>Rectification des donn\u00e9es<\/li>\n<li>Suppression de vos donn\u00e9es.<\/li>\n<li>Opposition au<\/li>\n<li>Portabilit\u00e9 de vos donn\u00e9es.<\/li>\n<li>Limitation du<\/li>\n<\/ul>\n<p>Ces droits peuvent \u00eatre exerc\u00e9s en nous contactant par e-mail \u00e0: <a href=\"mailto:office@gemstonegetaway.com\">office@gemstonegetaway.com<\/a><\/p>\n<p>Vous pouvez retirer votre consentement \u00e0 tout moment, conform\u00e9ment \u00e0 la r\u00e9glementation en vigueur.<\/p>\n<p>Les utilisateurs sont responsables de l\u2019exactitude des donn\u00e9es fournies.<\/p>\n<p>Gemstone Getaway se r\u00e9serve le droit d\u2019exclure tout utilisateur ayant fourni des informations fausses, sans pr\u00e9judice des actions l\u00e9gales correspondantes. Il est \u00e9galement de la responsabilit\u00e9 de l\u2019utilisateur de nous informer de toute modification de ses donn\u00e9es personnelles.<br \/><br \/><\/p>\n<h3>6.\u00a0 Dur\u00e9e de conservation des donn\u00e9es<\/h3>\n<p>Les donn\u00e9es personnelles seront conserv\u00e9es uniquement pendant la dur\u00e9e n\u00e9cessaire aux finalit\u00e9s pour lesquelles elles ont \u00e9t\u00e9 collect\u00e9es ou selon la base l\u00e9gale applicable.<\/p>\n<p>Les donn\u00e9es seront conserv\u00e9es tant qu\u2019il existe une relation contractuelle ou commerciale, et jusqu\u2019\u00e0 ce que l\u2019utilisateur exerce ses droits de suppression, annulation ou limitation du traitement.<\/p>\n<p>En cas d\u2019obligations l\u00e9gales, judiciaires ou contractuelles, les donn\u00e9es seront bloqu\u00e9es de mani\u00e8re s\u00e9curis\u00e9e jusqu\u2019\u00e0 r\u00e9solution. Une fois les d\u00e9lais l\u00e9gaux expir\u00e9s, elles seront supprim\u00e9es de mani\u00e8re s\u00e9curis\u00e9e.<\/p>\n<p>\u00a0<\/p>\n<h3>7.\u00a0 Donn\u00e9es collect\u00e9es lors de la navigation<\/h3>\n<p>Lors de la visite du site, certaines donn\u00e9es personnelles et statistiques anonymes peuvent \u00eatre collect\u00e9es, soit activement par l\u2019utilisateur, soit automatiquement :<\/p>\n<ul>\n<li>Adresse IP du dispositif utilis\u00e9<\/li>\n<li>Type et version du navigateur<\/li>\n<li>Syst\u00e8me d\u2019exploitation<\/li>\n<li>Date et heure d\u2019acc\u00e8s<\/li>\n<li>Site r\u00e9f\u00e9rent<\/li>\n<li>Informations sur l\u2019interaction avec le site<\/li>\n<\/ul>\n<p>Ces donn\u00e9es sont utilis\u00e9es pour analyser les performances du site, identifier les probl\u00e8mes techniques et am\u00e9liorer l\u2019exp\u00e9rience utilisateur.<\/p>\n<p>\u00a0<\/p>\n<h3>8.\u00a0 Mineurs<\/h3>\n<p>Les mineurs de moins de 16 ans ne doivent pas fournir de donn\u00e9es personnelles sans le consentement de leurs parents ou tuteurs. Gemstone Getaway d\u00e9cline toute responsabilit\u00e9 en cas de soumission non autoris\u00e9e par un mineur.<\/p>\n<p>\u00a0<\/p>\n<h3>9.\u00a0 Mesures de s\u00e9curit\u00e9<\/h3>\n<p>Gemstone Getaway a mis en place les mesures techniques et organisationnelles n\u00e9cessaires pour garantir la s\u00e9curit\u00e9 des donn\u00e9es personnelles et pr\u00e9venir tout acc\u00e8s non autoris\u00e9, alt\u00e9ration, perte ou traitement illicite.<\/p>\n<p>Notre site utilise la technologie SSL (Secure Socket Layer) pour chiffrer les donn\u00e9es transmises et garantir leur confidentialit\u00e9. Vous pouvez v\u00e9rifier la s\u00e9curit\u00e9 SSL active via l\u2019ic\u00f4ne de cadenas dans votre navigateur.<\/p>\n<p>Cependant, il est important de noter qu\u2019aucun syst\u00e8me de s\u00e9curit\u00e9 en ligne n\u2019est totalement infaillible.<\/p>\n<p>\u00a0<\/p>\n<h3>10. Cookies<\/h3>\n<p>L\u2019acc\u00e8s \u00e0 ce site peut impliquer l\u2019utilisation de cookies, qui sont de petits fichiers stock\u00e9s dans le navigateur de l\u2019utilisateur. Les cookies permettent au serveur de m\u00e9moriser certaines informations telles que les pr\u00e9f\u00e9rences, l\u2019historique de navigation ou des d\u00e9tails techniques.<\/p>\n<p>Les utilisateurs peuvent configurer leur navigateur pour refuser les cookies ou \u00eatre inform\u00e9s avant leur installation.<\/p>\t\t\t\t\t\t\t\t<\/div>\n\t\t\t\t<\/div>\n\t\t\t\t\t<\/div>\n\t\t\t\t<\/div>\n\t\t\t\t<\/div>\n\t\t","protected":false},"excerpt":{"rendered":"<p>1.\u00a0 Responsable du traitement des donn\u00e9es Les donn\u00e9es personnelles collect\u00e9es via ce site web sont trait\u00e9es par : Propri\u00e9taire : Erich Dumpis Site web : [&hellip;]<\/p>\n","protected":false},"author":2,"featured_media":0,"parent":0,"menu_order":0,"comment_status":"closed","ping_status":"closed","template":"","meta":{"footnotes":""},"class_list":["post-7242","page","type-page","status-publish","hentry"],"_links":{"self":[{"href":"https:\/\/gemstonegetaway.com\/fr\/wp-json\/wp\/v2\/pages\/7242","targetHints":{"allow":["GET"]}}],"collection":[{"href":"https:\/\/gemstonegetaway.com\/fr\/wp-json\/wp\/v2\/pages"}],"about":[{"href":"https:\/\/gemstonegetaway.com\/fr\/wp-json\/wp\/v2\/types\/page"}],"author":[{"embeddable":true,"href":"https:\/\/gemstonegetaway.com\/fr\/wp-json\/wp\/v2\/users\/2"}],"replies":[{"embeddable":true,"href":"https:\/\/gemstonegetaway.com\/fr\/wp-json\/wp\/v2\/comments?post=7242"}],"version-history":[{"count":5,"href":"https:\/\/gemstonegetaway.com\/fr\/wp-json\/wp\/v2\/pages\/7242\/revisions"}],"predecessor-version":[{"id":7295,"href":"https:\/\/gemstonegetaway.com\/fr\/wp-json\/wp\/v2\/pages\/7242\/revisions\/7295"}],"wp:attachment":[{"href":"https:\/\/gemstonegetaway.com\/fr\/wp-json\/wp\/v2\/media?parent=7242"}],"curies":[{"name":"wp","href":"https:\/\/api.w.org\/{rel}","templated":true}]}}