{"id":7261,"date":"2025-10-05T23:28:09","date_gmt":"2025-10-05T21:28:09","guid":{"rendered":"https:\/\/gemstonegetaway.com\/property-listing\/"},"modified":"2025-10-05T23:44:40","modified_gmt":"2025-10-05T21:44:40","slug":"property-listing","status":"publish","type":"page","link":"https:\/\/gemstonegetaway.com\/fr\/property-listing\/","title":{"rendered":"Annonce immobili\u00e8re"},"content":{"rendered":"\t\t<div data-elementor-type=\"wp-page\" data-elementor-id=\"7261\" class=\"elementor elementor-7261 elementor-7255\">\n\t\t\t\t\t\t<section class=\"elementor-section elementor-top-section elementor-element elementor-element-7c4ab872 elementor-section-full_width elementor-section-stretched elementor-section-height-default elementor-section-height-default\" data-id=\"7c4ab872\" data-element_type=\"section\" data-settings=\"{&quot;stretch_section&quot;:&quot;section-stretched&quot;}\">\n\t\t\t\t\t\t<div class=\"elementor-container elementor-column-gap-no\">\n\t\t\t\t\t<div class=\"elementor-column elementor-col-100 elementor-top-column elementor-element elementor-element-7001d001\" data-id=\"7001d001\" data-element_type=\"column\">\n\t\t\t<div class=\"elementor-widget-wrap elementor-element-populated\">\n\t\t\t\t\t\t<section class=\"elementor-section elementor-inner-section elementor-element elementor-element-49f0a261 elementor-section-boxed elementor-section-height-default elementor-section-height-default\" data-id=\"49f0a261\" data-element_type=\"section\">\n\t\t\t\t\t\t<div class=\"elementor-container elementor-column-gap-custom\">\n\t\t\t\t\t<div class=\"elementor-column elementor-col-100 elementor-inner-column elementor-element elementor-element-184b340\" data-id=\"184b340\" data-element_type=\"column\">\n\t\t\t<div class=\"elementor-widget-wrap elementor-element-populated\">\n\t\t\t\t\t\t<div class=\"elementor-element elementor-element-56e1e84 elementor-widget elementor-widget-tf-title-section\" data-id=\"56e1e84\" data-element_type=\"widget\" data-widget_type=\"tf-title-section.default\">\n\t\t\t\t<div class=\"elementor-widget-container\">\n\t\t\t\t\t<div id=\"tf-title-section-56e1e84\" class=\"tf-title-section tf-split-text style1\" data-tabid=\"56e1e84\"> \r\n\t\t\t\t\r\n\t\t\t\t<div class=\"title-section\">\r\n\t\t\t\t\t<h3 class=\"heading\" >Nos Gemstone Getaways<\/h3>\r\n\t\t\t\t\t\r\n\t\t\t\t\t<div class=\"description\"><p>D\u00e9couvrez nos escapades de vacances soigneusement s\u00e9lectionn\u00e9es qui vous permettront de vous sentir <b>Chez Vous en Vacances<\/b>.<\/p><\/div>\r\n\t\t\t\t<\/div>                \r\n            <\/div>\t\t\t\t<\/div>\n\t\t\t\t<\/div>\n\t\t\t\t<div class=\"elementor-element elementor-element-1e90ba83 elementor-widget elementor-widget-tf_properties_list\" data-id=\"1e90ba83\" data-element_type=\"widget\" data-widget_type=\"tf_properties_list.default\">\n\t\t\t\t<div class=\"elementor-widget-container\">\n\t\t\t\t\tNo properties found\t\t\t\t<\/div>\n\t\t\t\t<\/div>\n\t\t\t\t\t<\/div>\n\t\t<\/div>\n\t\t\t\t\t<\/div>\n\t\t<\/section>\n\t\t\t\t\t<\/div>\n\t\t<\/div>\n\t\t\t\t\t<\/div>\n\t\t<\/section>\n\t\t\t\t<\/div>\n\t\t","protected":false},"excerpt":{"rendered":"<p>Nos Gemstone Getaways D\u00e9couvrez nos escapades de vacances soigneusement s\u00e9lectionn\u00e9es qui vous permettront de vous sentir Chez Vous en Vacances. \u00c0 partir de 138\u20ac par [&hellip;]<\/p>\n","protected":false},"author":2,"featured_media":0,"parent":0,"menu_order":0,"comment_status":"closed","ping_status":"closed","template":"","meta":{"footnotes":""},"class_list":["post-7261","page","type-page","status-publish","hentry"],"_links":{"self":[{"href":"https:\/\/gemstonegetaway.com\/fr\/wp-json\/wp\/v2\/pages\/7261","targetHints":{"allow":["GET"]}}],"collection":[{"href":"https:\/\/gemstonegetaway.com\/fr\/wp-json\/wp\/v2\/pages"}],"about":[{"href":"https:\/\/gemstonegetaway.com\/fr\/wp-json\/wp\/v2\/types\/page"}],"author":[{"embeddable":true,"href":"https:\/\/gemstonegetaway.com\/fr\/wp-json\/wp\/v2\/users\/2"}],"replies":[{"embeddable":true,"href":"https:\/\/gemstonegetaway.com\/fr\/wp-json\/wp\/v2\/comments?post=7261"}],"version-history":[{"count":4,"href":"https:\/\/gemstonegetaway.com\/fr\/wp-json\/wp\/v2\/pages\/7261\/revisions"}],"predecessor-version":[{"id":7265,"href":"https:\/\/gemstonegetaway.com\/fr\/wp-json\/wp\/v2\/pages\/7261\/revisions\/7265"}],"wp:attachment":[{"href":"https:\/\/gemstonegetaway.com\/fr\/wp-json\/wp\/v2\/media?parent=7261"}],"curies":[{"name":"wp","href":"https:\/\/api.w.org\/{rel}","templated":true}]}}